{"id":127,"date":"2024-08-22T12:18:03","date_gmt":"2024-08-22T12:18:03","guid":{"rendered":"https:\/\/www.elungdom.se\/vintermotet\/?page_id=127"},"modified":"2026-02-23T11:39:25","modified_gmt":"2026-02-23T11:39:25","slug":"info","status":"publish","type":"page","link":"https:\/\/www.elungdom.se\/vintermotet\/info\/","title":{"rendered":"Information"},"content":{"rendered":"<div class=\"et_pb_section_0 et_pb_section et_section_regular et_block_section section_has_divider et_pb_bottom_divider preset--module--divi-section--default\">\n<div class=\"et_pb_row_0 et_pb_row et_block_row preset--module--divi-row--default\">\n<div class=\"et_pb_column_0 et_pb_column et_pb_column_1_3 et_block_column et_pb_css_mix_blend_mode_passthrough preset--module--divi-column--default\">\n<div class=\"et_pb_heading_0 et_pb_heading et_pb_module et_block_module preset--module--divi-heading--default\"><div class=\"et_pb_heading_container\"><h2 class=\"et_pb_module_header\">Om ELUs Vinterm\u00f6te<\/h2><\/div><\/div>\n<\/div>\n\n<div class=\"et_pb_column_1 et_pb_column et_pb_column_2_3 et-last-child et_block_column et_pb_css_mix_blend_mode_passthrough preset--module--divi-column--default\">\n<div class=\"et_pb_text_0 et_pb_text et_pb_bg_layout_light et_pb_module et_block_module preset--module--divi-text--default\"><div class=\"et_pb_text_inner\"><p>ELUs Vinterm\u00f6te \u00e4r en konferens f\u00f6r alla \u00e5ldrar, men framf\u00f6rallt riktad till dig som \u00e4r ungdom eller ung vuxen.<\/p>\n<p><span style=\"font-weight: 400;\">F\u00f6rutom att lyssna till god undervisning finns tid f\u00f6r b\u00f6n och lovs\u00e5ng, du kan bes\u00f6ka Torget med massa sp\u00e4nnande montrar, g\u00e5 p\u00e5 seminarier och aktiviteter, barnsamlingar, h\u00e4nga i caf\u00e9et och vara med p\u00e5 outreach och pannkakskyrka p\u00e5 l\u00f6rdag kv\u00e4ll. Du f\u00e5r m\u00f6jlighet att umg\u00e5s med nya och gamla v\u00e4nner i en h\u00e4rlig gemenskap och bli p\u00e5fylld och uts\u00e4nd till ditt vardagsliv.<\/span><\/p>\n<p><a href=\"elungdom.se\/vintermotet\/program\">SE HELA PROGRAMMET H\u00c4R<\/a><\/p>\n<\/div><\/div>\n<\/div>\n<\/div>\n\n<div class=\"et_pb_row_1 et_pb_row et_flex_row preset--module--divi-row--default\">\n<div class=\"et_pb_column_2 et_pb_column et-last-child et_flex_column et_pb_css_mix_blend_mode_passthrough et_flex_column_24_24 et_flex_column_24_24_tablet et_flex_column_24_24_phone preset--module--divi-column--default\">\n<div class=\"et_pb_image_0 et_pb_image et_pb_module et_block_module preset--module--divi-image--default\"><span class=\"et_pb_image_wrap\"><img loading=\"lazy\" decoding=\"async\" src=\"https:\/\/www.elungdom.se\/vintermotet\/wp-content\/uploads\/2024\/12\/vintermotet22-7-e1734690069989.png\" width=\"4966\" height=\"3237\" srcset=\"https:\/\/www.elungdom.se\/vintermotet\/wp-content\/uploads\/2024\/12\/vintermotet22-7-e1734690069989.png 4966w, https:\/\/www.elungdom.se\/vintermotet\/wp-content\/uploads\/2024\/12\/vintermotet22-7-e1734690069989-1280x720.png 1280w, https:\/\/www.elungdom.se\/vintermotet\/wp-content\/uploads\/2024\/12\/vintermotet22-7-e1734690069989-980x551.png 980w, https:\/\/www.elungdom.se\/vintermotet\/wp-content\/uploads\/2024\/12\/vintermotet22-7-e1734690069989-480x270.png 480w\" sizes=\"(min-width: 0px) and (max-width: 480px) 480px, (min-width: 481px) and (max-width: 980px) 980px, (min-width: 981px) and (max-width: 1280px) 1280px, (min-width: 1281px) 4966px, 100vw\" class=\"wp-image-849\" title=\"vintermotet22-7\" \/><\/span><\/div>\n\n<div class=\"et_pb_image_1 et_pb_image et_pb_module et_block_module preset--module--divi-image--default\"><span class=\"et_pb_image_wrap\"><img loading=\"lazy\" decoding=\"async\" src=\"https:\/\/www.elungdom.se\/vintermotet\/wp-content\/uploads\/2024\/12\/vintermotet22-8.png\" width=\"4928\" height=\"3264\" srcset=\"https:\/\/www.elungdom.se\/vintermotet\/wp-content\/uploads\/2024\/12\/vintermotet22-8.png 4928w, https:\/\/www.elungdom.se\/vintermotet\/wp-content\/uploads\/2024\/12\/vintermotet22-8-1280x848.png 1280w, https:\/\/www.elungdom.se\/vintermotet\/wp-content\/uploads\/2024\/12\/vintermotet22-8-980x649.png 980w, https:\/\/www.elungdom.se\/vintermotet\/wp-content\/uploads\/2024\/12\/vintermotet22-8-480x318.png 480w\" sizes=\"(min-width: 0px) and (max-width: 480px) 480px, (min-width: 481px) and (max-width: 980px) 980px, (min-width: 981px) and (max-width: 1280px) 1280px, (min-width: 1281px) 4928px, 100vw\" class=\"wp-image-852\" title=\"vintermotet22-8\" \/><\/span><\/div>\n\n<div class=\"et_pb_image_2 et_pb_image et_pb_module et_block_module preset--module--divi-image--default\"><span class=\"et_pb_image_wrap\"><img loading=\"lazy\" decoding=\"async\" src=\"https:\/\/www.elungdom.se\/vintermotet\/wp-content\/uploads\/2024\/12\/vintermotet23-1.png\" width=\"5764\" height=\"3842\" srcset=\"https:\/\/www.elungdom.se\/vintermotet\/wp-content\/uploads\/2024\/12\/vintermotet23-1.png 5764w, https:\/\/www.elungdom.se\/vintermotet\/wp-content\/uploads\/2024\/12\/vintermotet23-1-1280x853.png 1280w, https:\/\/www.elungdom.se\/vintermotet\/wp-content\/uploads\/2024\/12\/vintermotet23-1-980x653.png 980w, https:\/\/www.elungdom.se\/vintermotet\/wp-content\/uploads\/2024\/12\/vintermotet23-1-480x320.png 480w\" sizes=\"(min-width: 0px) and (max-width: 480px) 480px, (min-width: 481px) and (max-width: 980px) 980px, (min-width: 981px) and (max-width: 1280px) 1280px, (min-width: 1281px) 5764px, 100vw\" class=\"wp-image-851\" title=\"vintermotet23-1\" \/><\/span><\/div>\n<\/div>\n<\/div>\n<div class=\"et_pb_bottom_inside_divider et-no-transition\"><\/div><\/div>\n\n<div class=\"et_pb_section_1 et_pb_section et_section_regular et_flex_section section_has_divider et_pb_top_divider et_pb_bottom_divider preset--module--divi-section--default\"><div class=\"et_pb_top_inside_divider et-no-transition\"><\/div>\n<div class=\"et_pb_row_2 et_pb_row et_flex_row preset--module--divi-row--default\">\n<div class=\"et_pb_column_3 et_pb_column et_flex_column et_pb_css_mix_blend_mode_passthrough et_flex_column_2_5 et_flex_column_12_24_tablet et_flex_column_24_24_phone preset--module--divi-column--default\">\n<div class=\"et_pb_heading_1 et_pb_heading et_pb_module et_block_module preset--module--divi-heading--default\"><div class=\"et_pb_heading_container\"><h2 class=\"et_pb_module_header\">Tema: Medm\u00e4nniskan<\/h2><\/div>\n<div class=\"et_pb_text_1 et_pb_text et_pb_bg_layout_light et_pb_module et_block_module preset--module--divi-text--default\"><div class=\"et_pb_text_inner\"><h2><strong>\u201cG\u00e5 du och g\u00f6r som han\u201d<\/strong><\/h2>\n<p><span style=\"font-weight: 400;\">S\u00e5 s\u00e4ger Jesus efter ber\u00e4ttelsen om den barmh\u00e4rtige samariern (Luk 10:25-37). Kallelsen att \u00e4lska, tj\u00e4na och hj\u00e4lpa v\u00e5r medm\u00e4nniska \u00e4r varje l\u00e4rjunges uppgift. Men hur g\u00f6r man det? Och p\u00e5 vilka grunder?<\/span><\/p>\n<\/div><\/div>\n<\/div>\n<\/div>\n\n<div class=\"et_pb_column_4 et_pb_column et-last-child et_flex_column et_pb_css_mix_blend_mode_passthrough et_flex_column_3_5 et_flex_column_3_5_tablet et_flex_column_24_24_phone preset--module--divi-column--default\">\n<div class=\"et_pb_text_2 et_pb_text et_pb_bg_layout_light et_pb_module et_flex_module preset--module--divi-text--default\"><div class=\"et_pb_text_inner\"><p><span style=\"font-weight: 400;\">Varje kristen m\u00e4nniska \u00e4r kallad att \u00e4lska Gud, men ocks\u00e5 sin n\u00e4sta. Vi vill p\u00e5 konferensen b\u00f6rja i Guds k\u00e4rlek till oss. Det fr\u00e4mst tar sig uttryck i att Gud sj\u00e4lv blir m\u00e4nniska i Jesus, och att han d\u00f6r och uppst\u00e5r f\u00f6r alla m\u00e4nniskors skull. N\u00e4r m\u00e4nniskor f\u00e5r m\u00f6ta den k\u00e4rleken som Gud har l\u00e4r oss bibeln att det ocks\u00e5 skapar f\u00f6r\u00e4ndring i oss. Bibeln talar om hur Gud vill skapa ett nytt hj\u00e4rta i oss, och om hur vi \u00e4r kallade att \u00e4lska varandra s\u00e5 som han har \u00e4lskat oss. Gud har ett hj\u00e4rta som sl\u00e5r, ja brister, f\u00f6r m\u00e4nniskorna omkring dig.\u00a0<\/span><\/p>\n<p><span style=\"font-weight: 400;\">Hur kan du och jag \u00e4lska b\u00e5de Gud och dina medm\u00e4nniskor?\u00a0<\/span><\/p>\n<p><span style=\"font-weight: 400;\">Kom s\u00e5 uppt\u00e4cker vi det tillsammans, p\u00e5 Vinterm\u00f6tet 2026.<\/span><\/p>\n<\/div><\/div>\n<\/div>\n<\/div>\n<div class=\"et_pb_bottom_inside_divider et-no-transition\"><\/div><\/div>\n\n<div class=\"et_pb_section_2 et_pb_section et_section_regular et_block_section section_has_divider et_pb_top_divider preset--module--divi-section--default\"><div class=\"et_pb_top_inside_divider et-no-transition\"><\/div>\n<div class=\"et_pb_row_3 et_pb_row et_block_row preset--module--divi-row--d5418d40-b6d1-4e81-a330-b31e2d4292d9\">\n<div class=\"et_pb_column_5 et_pb_column et_pb_column_4_4 et-last-child et_block_column et_pb_css_mix_blend_mode_passthrough preset--module--divi-column--default\">\n<div class=\"et_pb_blurb_0 et_pb_blurb et_pb_bg_layout_light et_pb_blurb_position_top et_pb_module et_block_module preset--module--divi-blurb--c045eea4-1bf5-426e-9518-af8b47add9c0\"><div class=\"et_pb_blurb_content\"><div class=\"et_pb_main_blurb_image\"><span class=\"et_pb_image_wrap\"><span class=\"et-pb-icon et-waypoint et_pb_animation_top et_pb_animation_top_tablet et_pb_animation_top_phone\">\uf2dc<\/span><\/span><\/div><div class=\"et_pb_blurb_container\"><div class=\"et_pb_blurb_description\"><p>Vinterm\u00f6tet \u00e4r en konferens och med biljett f\u00e5r du tillg\u00e5ng till alla m\u00f6ten, seminarier, aktiviteter, caf\u00e9et och torget. Boende och mat st\u00e5r du f\u00f6r sj\u00e4lv. L\u00e4s mer om pris och boendealternativ under <a href=\"\/vintermotet\/anmalan\">Anm\u00e4lan<\/a>.<\/p>\n<p>F\u00f6r att delta under l\u00f6rdagens seminarier och m\u00f6ten - k\u00f6p intr\u00e4desbiljett! Fredagen och s\u00f6ndagen \u00e4r \u00f6ppen och gratis f\u00f6r alla att delta i.<\/p>\n<\/div><\/div><\/div><\/div>\n\n<div class=\"et_pb_blurb_1 et_pb_blurb et_pb_bg_layout_light et_pb_blurb_position_top et_pb_module et_block_module preset--module--divi-blurb--c045eea4-1bf5-426e-9518-af8b47add9c0\"><div class=\"et_pb_blurb_content\"><div class=\"et_pb_main_blurb_image\"><span class=\"et_pb_image_wrap\"><span class=\"et-pb-icon et-waypoint et_pb_animation_top et_pb_animation_top_tablet et_pb_animation_top_phone\">\uf77c<\/span><\/span><\/div><div class=\"et_pb_blurb_container\"><div class=\"et_pb_blurb_description\"><p><span style=\"font-weight: 400;\">Barnsamlingar anordnas vid s\u00e4rskilda tillf\u00e4llen under konferensen.<\/span><\/p>\n<p><span style=\"font-weight: 400;\">Fre kv\u00e4ll - barnsamling i Kyrkan (k\u00e4llaren)<br \/><\/span><span style=\"font-weight: 400;\">L\u00f6rdag f\u00f6rmiddag - barnsamling i ELF H\u00e4ssleholm, inkl. fika<br \/><\/span><span style=\"font-weight: 400;\">L\u00f6rdag eftermiddag - lek och r\u00f6relse i spegelsalen p\u00e5 HTS<br \/><\/span><span style=\"font-weight: 400;\">L\u00f6rdag kv\u00e4ll - barnsamling i Kyrkan (k\u00e4llaren)<br \/><\/span><span style=\"font-weight: 400;\">S\u00f6ndag f\u00f6rmiddag - s\u00f6ndagsskola f\u00f6r mindre barn i Kyrkan (k\u00e4llaren) och st\u00f6rre barn i ELF H\u00e4ssleholm.\u00a0<\/span><\/p>\n<p><span style=\"font-weight: 400;\">Barnen \u00e4r med i b\u00f6rjan av m\u00f6tet och g\u00e5r d\u00e4refter gemensamt med till sina egna lokaler n\u00e4r undervisningen b\u00f6rjar.<\/span><\/p>\n<\/div><\/div><\/div><\/div>\n\n<div class=\"et_pb_blurb_2 et_pb_blurb et_pb_bg_layout_light et_pb_blurb_position_top et_pb_module et_block_module preset--module--divi-blurb--c045eea4-1bf5-426e-9518-af8b47add9c0\"><div class=\"et_pb_blurb_content\"><div class=\"et_pb_main_blurb_image\"><span class=\"et_pb_image_wrap\"><span class=\"et-pb-icon et-waypoint et_pb_animation_top et_pb_animation_top_tablet et_pb_animation_top_phone\">\uf51d<\/span><\/span><\/div><div class=\"et_pb_blurb_container\"><div class=\"et_pb_blurb_description\"><p>Fredagens kv\u00e4llsm\u00f6te samt s\u00f6ndagens gudstj\u00e4nst p\u00e5 Vinterm\u00f6tet \u00e4r \u00f6ppet f\u00f6r alla att delta i, helt utan kostnad.<\/p>\n<\/div><\/div><\/div><\/div>\n<\/div>\n<\/div>\n\n<div class=\"et_pb_row_4 et_pb_row et_flex_row preset--module--divi-row--default\">\n<div class=\"et_pb_column_6 et_pb_column et-last-child et_flex_column et_pb_css_mix_blend_mode_passthrough et_flex_column_24_24 et_flex_column_24_24_tablet et_flex_column_24_24_phone preset--module--divi-column--default\">\n<div class=\"et_pb_module et_pb_button_module_wrapper et_pb_button_0_wrapper preset--module--divi-button--2a3fb009-bba8-4d4d-b0bf-a1f939739545_wrapper\"><a class=\"et_pb_button_0 et_pb_button et_pb_bg_layout_dark et_pb_module et_block_module preset--module--divi-button--2a3fb009-bba8-4d4d-b0bf-a1f939739545\" href=\"https:\/\/www.elungdom.se\/vintermotet\/program\/\">Program<\/a><\/div>\n\n<div class=\"et_pb_module et_pb_button_module_wrapper et_pb_button_1_wrapper preset--module--divi-button--2a3fb009-bba8-4d4d-b0bf-a1f939739545_wrapper\"><a class=\"et_pb_button_1 et_pb_button et_pb_bg_layout_dark et_pb_module et_block_module preset--module--divi-button--2a3fb009-bba8-4d4d-b0bf-a1f939739545\" href=\"https:\/\/www.elungdom.se\/vintermotet\/talare\/\">Medverkande<\/a><\/div>\n\n<div class=\"et_pb_module et_pb_button_module_wrapper et_pb_button_2_wrapper preset--module--divi-button--2a3fb009-bba8-4d4d-b0bf-a1f939739545_wrapper\"><a class=\"et_pb_button_2 et_pb_button et_pb_bg_layout_dark et_pb_module et_block_module preset--module--divi-button--2a3fb009-bba8-4d4d-b0bf-a1f939739545\" href=\"https:\/\/www.elungdom.se\/vintermotet\/seminarium\/\">Seminarium<\/a><\/div>\n\n<div class=\"et_pb_module et_pb_button_module_wrapper et_pb_button_3_wrapper preset--module--divi-button--2a3fb009-bba8-4d4d-b0bf-a1f939739545_wrapper\"><a class=\"et_pb_button_3 et_pb_button et_pb_bg_layout_dark et_pb_module et_block_module preset--module--divi-button--2a3fb009-bba8-4d4d-b0bf-a1f939739545\" href=\"https:\/\/www.elungdom.se\/vintermotet\/anmalan\/\">K\u00f6p biljett<\/a><\/div>\n<\/div>\n<\/div>\n\n<div class=\"et_pb_row_5 et_pb_row et_block_row preset--module--divi-row--d5418d40-b6d1-4e81-a330-b31e2d4292d9\">\n<div class=\"et_pb_column_7 et_pb_column et_pb_column_4_4 et-last-child et_block_column et_pb_css_mix_blend_mode_passthrough preset--module--divi-column--default\">\n<div class=\"et_pb_blurb_3 et_pb_blurb et_pb_bg_layout_light et_pb_blurb_position_top et_pb_module et_block_module preset--module--divi-blurb--c045eea4-1bf5-426e-9518-af8b47add9c0\"><div class=\"et_pb_blurb_content\"><div class=\"et_pb_main_blurb_image\"><span class=\"et_pb_image_wrap\"><span class=\"et-pb-icon et-waypoint et_pb_animation_top et_pb_animation_top_tablet et_pb_animation_top_phone\">\ue064<\/span><\/span><\/div><div class=\"et_pb_blurb_container\"><div class=\"et_pb_blurb_description\"><p style=\"text-align: center;\">Har du fr\u00e5gor om Vinterm\u00f6tet? H\u00f6r av dig till Oskar Wikdahl:<br \/><a href=\"mailto:oskar.wikdahl@elungdom.se\">oskar.wikdahl@elungdom.se<\/a><\/p>\n<\/div><\/div><\/div><\/div>\n<\/div>\n<\/div>\n<\/div>","protected":false},"excerpt":{"rendered":"","protected":false},"author":1,"featured_media":0,"parent":0,"menu_order":0,"comment_status":"closed","ping_status":"closed","template":"","meta":{"footnotes":""},"class_list":["post-127","page","type-page","status-publish","hentry"],"_links":{"self":[{"href":"https:\/\/www.elungdom.se\/vintermotet\/wp-json\/wp\/v2\/pages\/127","targetHints":{"allow":["GET"]}}],"collection":[{"href":"https:\/\/www.elungdom.se\/vintermotet\/wp-json\/wp\/v2\/pages"}],"about":[{"href":"https:\/\/www.elungdom.se\/vintermotet\/wp-json\/wp\/v2\/types\/page"}],"author":[{"embeddable":true,"href":"https:\/\/www.elungdom.se\/vintermotet\/wp-json\/wp\/v2\/users\/1"}],"replies":[{"embeddable":true,"href":"https:\/\/www.elungdom.se\/vintermotet\/wp-json\/wp\/v2\/comments?post=127"}],"version-history":[{"count":137,"href":"https:\/\/www.elungdom.se\/vintermotet\/wp-json\/wp\/v2\/pages\/127\/revisions"}],"predecessor-version":[{"id":1205,"href":"https:\/\/www.elungdom.se\/vintermotet\/wp-json\/wp\/v2\/pages\/127\/revisions\/1205"}],"wp:attachment":[{"href":"https:\/\/www.elungdom.se\/vintermotet\/wp-json\/wp\/v2\/media?parent=127"}],"curies":[{"name":"wp","href":"https:\/\/api.w.org\/{rel}","templated":true}]}}