{"id":129,"date":"2024-08-22T12:18:33","date_gmt":"2024-08-22T12:18:33","guid":{"rendered":"https:\/\/www.elungdom.se\/vintermotet\/?page_id=129"},"modified":"2026-02-25T12:36:57","modified_gmt":"2026-02-25T12:36:57","slug":"seminarium","status":"publish","type":"page","link":"https:\/\/www.elungdom.se\/vintermotet\/seminarium\/","title":{"rendered":"Seminarium"},"content":{"rendered":"<div class=\"et_pb_section_0 et_pb_section et_section_regular et_block_section et_animated preset--module--divi-section--698b0e7a9a71e\">\n<div class=\"et_pb_row_0 et_pb_row et_block_row preset--module--divi-row--d5418d40-b6d1-4e81-a330-b31e2d4292d9\">\n<div class=\"et_pb_column_0 et_pb_column et_pb_column_4_4 et-last-child et_block_column et_pb_css_mix_blend_mode_passthrough preset--module--divi-column--default\">\n<div class=\"et_pb_text_0 et_pb_text et_pb_bg_layout_light et_pb_module et_block_module preset--module--divi-text--default\"><div class=\"et_pb_text_inner\"><h4><span>P\u00e5 l\u00f6rdag eftermiddag en massa sp\u00e4nnande seminarier i tre olika omg\u00e5ngar \u2013 kl 14.00, 15.00 och 16.00. L\u00e4s g\u00e4rna igenom beskrivningarna och fundera \u00f6ver vilka seminarier som du vill g\u00e5 p\u00e5.<\/span><\/h4>\n<\/div><\/div>\n\n<div class=\"et_pb_blurb_0 et_pb_blurb et_pb_bg_layout_light et_pb_text_align_center-phone et_pb_blurb_position_left et_pb_module et_block_module preset--module--divi-blurb--67b15831-bf06-4a43-b17e-c86d16d36530\"><div class=\"et_pb_blurb_content\"><div class=\"et_pb_main_blurb_image\"><span class=\"et_pb_image_wrap\"><span class=\"et-pb-icon et-waypoint et_pb_animation_top et_pb_animation_top_tablet et_pb_animation_top_phone\">\ue06b<\/span><\/span><\/div><div class=\"et_pb_blurb_container\"><h2 class=\"et_pb_module_header\">14.00<\/h2><\/div><\/div><\/div>\n\n<div class=\"et_pb_blurb_1 et_pb_blurb et_pb_bg_layout_light et_pb_blurb_position_left et_pb_module et_block_module preset--module--divi-blurb--67b15831-bf06-4a43-b17e-c86d16d36530\"><div class=\"et_pb_blurb_content\"><div class=\"et_pb_blurb_container\"><h2 class=\"et_pb_module_header\">N\u00e4r empati m\u00f6ter regelverk - Simon Priebe<\/h2><div class=\"et_pb_blurb_description\"><h6>L\u00f6rdag kl 14.00<\/h6>\n<h6><strong>Plats:<\/strong> Svenska Kyrkans F\u00f6rsamlingshem (F\u00f6rsamlingssalen)<\/h6>\n<p><span style=\"font-weight: 400;\">Simon jobbar i HR men har innan dess bland annat jobbat som utredare inom sjukpenning p\u00e5 F\u00f6rs\u00e4kringskassan. Simon kommer prata om hur det \u00e4r att jobba med myndighetsut\u00f6vning, l\u00e4mna sv\u00e5ra beslut och se medm\u00e4nniskan bakom beslutet. Simon Priebe bor utanf\u00f6r Kristianstad med sin fru och tv\u00e5 barn.<\/span><\/p>\n<\/div><\/div><\/div><\/div>\n\n<div class=\"et_pb_blurb_2 et_pb_blurb et_pb_bg_layout_light et_pb_blurb_position_left et_pb_module et_block_module preset--module--divi-blurb--67b15831-bf06-4a43-b17e-c86d16d36530\"><div class=\"et_pb_blurb_content\"><div class=\"et_pb_blurb_container\"><h2 class=\"et_pb_module_header\">En engagerad tj\u00e4nare? - Carl Svedberg<\/h2><div class=\"et_pb_blurb_description\"><h6>L\u00f6rdag kl 14.00<\/h6>\n<h6><strong>Plats:<\/strong> Missionskyrkan (Kyrksalen)<\/h6>\n<p><span style=\"font-weight: 400;\">Engagerar du dig i kyrkan? Kom till detta seminarium och ta del av konkreta tips om hur du kan engagera dig med inspel fr\u00e5n Jesus, Bibelns undervisning och Carls livserfarenhet. Under seminariet f\u00e5r du \u00e4ven p\u00e5minnas om att ha r\u00e4tt fokus med Jesus i centrum i ditt engagemang. Tillsammans med andra f\u00e5r du i slutet av stunden prata om egna erfarenheter kring engagemang i kyrkan.<\/span><\/p>\n<p><span style=\"font-weight: 400;\">Carl arbetar som r\u00e5dgivande konsult mot offentlig sektor p\u00e5 PwC och bor tillsammans med sin fru Filippa (och v\u00e4xande bebis i magen) i Helsingborg. Han \u00e4r engagerad i ELU:s styrelse och har alltid brunnit f\u00f6r ideellt engagemang i kyrkan. <\/span><\/p>\n<\/div><\/div><\/div><\/div>\n\n<div class=\"et_pb_blurb_3 et_pb_blurb et_pb_bg_layout_light et_pb_blurb_position_left et_pb_module et_block_module preset--module--divi-blurb--67b15831-bf06-4a43-b17e-c86d16d36530\"><div class=\"et_pb_blurb_content\"><div class=\"et_pb_blurb_container\"><h2 class=\"et_pb_module_header\">Att sitta i samtal - Benedikte Nilsson<\/h2><div class=\"et_pb_blurb_description\"><h6>L\u00f6rdag kl 14.00<\/h6>\n<h6><strong>Plats:<\/strong> Missionskyrkan (K\u00e4llaren)<\/h6>\n<p><span style=\"font-weight: 400;\">Alla borde samtala med n\u00e5gon p\u00e5 ett lite djupare plan! I v\u00e5ra kristna sammanhang beh\u00f6ver vi rusta fler m\u00e4nniskor till att ha uppgiften att sitta i samtal. Seminariet handlar om bra principer och saker att t\u00e4nka p\u00e5 n\u00e4r man sitter i samtal. Kom till seminariet om du vill f\u00e5 tips och tricks kring samtal.<\/span><\/p>\n<p><span style=\"font-weight: 400;\">Benedikte uppskattar m\u00e4nniskor och organisationer, m\u00f6ten och middagar, b\u00e5de hemma och utomland. Hon jobbar f\u00f6r ELM och som organisationskonsult med bl a coaching. \u00c4r \u00e4ven sj\u00e4lav\u00e5rdare p\u00e5 Strandhems Bibel- och L\u00e4rjungaskola.<\/span><\/p>\n<\/div><\/div><\/div><\/div>\n\n<div class=\"et_pb_blurb_4 et_pb_blurb et_pb_bg_layout_light et_pb_blurb_position_left et_pb_module et_block_module preset--module--divi-blurb--67b15831-bf06-4a43-b17e-c86d16d36530\"><div class=\"et_pb_blurb_content\"><div class=\"et_pb_blurb_container\"><h2 class=\"et_pb_module_header\">Kristen i skolan - Credo Skola, Hilma Nilsson och Johannes Holmner<\/h2><div class=\"et_pb_blurb_description\"><h6>L\u00f6rdag kl 14.00<\/h6>\n<h6><strong>Plats:<\/strong> Svenska Kyrkans F\u00f6rsamlingshem (Lilla Salen)<\/h6>\n<p><span style=\"font-weight: 400;\">G\u00e5r du i skolan? \u00c4r du kristen? Det h\u00e4r seminariet riktar sig till dig. F\u00f6r m\u00e5nga kan det vara sv\u00e5rt att ta med sin kristna tron till skolan, den stannar l\u00e4tt i hemmet eller i kyrkan. Med det h\u00e4r seminariet vill vi rusta dig f\u00f6r att tj\u00e4na dina medm\u00e4nniskor som kristen. I skolan, p\u00e5 universitetet eller d\u00e4r du befinner dig.\"<\/span><\/p>\n<p><span style=\"font-weight: 400;\">Johannes och Hilma arbetar som teamare f\u00f6r Credo. Ut\u00f6ver arbetet studerar Johannes latin, och Hilma pluggar matte. B\u00e5da \u00e4r bosatta i Lund. B\u00e5da har lite olika erfarenheter av livet som kristen i skolan.<\/span><\/p>\n<\/div><\/div><\/div><\/div>\n\n<div class=\"et_pb_blurb_5 et_pb_blurb et_pb_bg_layout_light et_pb_text_align_center-phone et_pb_blurb_position_left et_pb_module et_block_module preset--module--divi-blurb--67b15831-bf06-4a43-b17e-c86d16d36530\"><div class=\"et_pb_blurb_content\"><div class=\"et_pb_main_blurb_image\"><span class=\"et_pb_image_wrap\"><span class=\"et-pb-icon et-waypoint et_pb_animation_top et_pb_animation_top_tablet et_pb_animation_top_phone\">\ue06b<\/span><\/span><\/div><div class=\"et_pb_blurb_container\"><h2 class=\"et_pb_module_header\">15.00<\/h2><\/div><\/div><\/div>\n\n<div class=\"et_pb_blurb_6 et_pb_blurb et_pb_bg_layout_light et_pb_blurb_position_left et_pb_module et_block_module preset--module--divi-blurb--67b15831-bf06-4a43-b17e-c86d16d36530\"><div class=\"et_pb_blurb_content\"><div class=\"et_pb_blurb_container\"><h2 class=\"et_pb_module_header\">Lovs\u00e5ng - Victoria J\u00e4mstorp<\/h2><div class=\"et_pb_blurb_description\"><h6>L\u00f6rdag kl 15.00<\/h6>\n<h6><strong>Plats:<\/strong> Missionskyrkan (Kyrksalen)<\/h6>\n<p><span style=\"font-weight: 400;\">Jag kommer att prata om lovs\u00e5ng. Vad \u00e4r lovs\u00e5ng, och hur kan man t\u00e4nka kring det? Varf\u00f6r ska vi sjunga lovs\u00e5ng och hur g\u00f6r man n\u00e4r det verkligen tar emot att sjunga? Hur kan man anv\u00e4nda lovs\u00e5ng b\u00e5de f\u00f6r sig sj\u00e4lv och tillsammans som f\u00f6rsamling?<\/span><\/p>\n<p><span style=\"font-weight: 400;\">Jag \u00e4r Guds barn! Jag bor i Isgrannatorp, utanf\u00f6r Kristianstad, tillsammans med min \u00e4lskade familj. Uppskattar god frukost, musik som ber\u00f6r och att springa en runda i naturen.\u00a0<\/span><\/p>\n<\/div><\/div><\/div><\/div>\n\n<div class=\"et_pb_blurb_7 et_pb_blurb et_pb_bg_layout_light et_pb_blurb_position_left et_pb_module et_block_module preset--module--divi-blurb--67b15831-bf06-4a43-b17e-c86d16d36530\"><div class=\"et_pb_blurb_content\"><div class=\"et_pb_blurb_container\"><h2 class=\"et_pb_module_header\">Loving your neighbor through spreading the Kingdom in the streets of Sweden - Forrest Hendrix<\/h2><div class=\"et_pb_blurb_description\"><h6>L\u00f6rdag kl 15.00<\/h6>\n<h6><strong>Plats:<\/strong> Missionskyrkan (K\u00e4llaren)<\/h6>\n<h6><em>Seminariet \u00e4r p\u00e5 engelska<\/em><\/h6>\n<p><span style=\"font-weight: 400;\">Forrest Hendrix flyttade till Sverige 1976. Han har arbetat med internationell mission i Europa i 42 \u00e5r. Hans huvudsakliga omr\u00e5den har varit f\u00f6rsamlingsplantering och l\u00e4rjungatr\u00e4ning\/multiplicering i Sverige och Lettland.<\/span><\/p>\n<p><span style=\"font-weight: 400;\">I this seminar I would like to share a little of my own journey of learning to talk with people about Jesus on the streets where I live. I will also give some insight into ways that we can all reach out to our neighbors, friends and aquaintances with the good news of the Gospel in a relaxed but also deliberate effort. <\/span><\/p>\n<\/div><\/div><\/div><\/div>\n\n<div class=\"et_pb_blurb_8 et_pb_blurb et_pb_bg_layout_light et_pb_blurb_position_left et_pb_module et_block_module preset--module--divi-blurb--67b15831-bf06-4a43-b17e-c86d16d36530\"><div class=\"et_pb_blurb_content\"><div class=\"et_pb_blurb_container\"><h2 class=\"et_pb_module_header\">Att se m\u00e4nniskan i juridiken - Veronica Westerg\u00e5rd<\/h2><div class=\"et_pb_blurb_description\"><h6>L\u00f6rdag kl 15.00<\/h6>\n<h6><strong>Plats:<\/strong> Svenska Kyrkans F\u00f6rsamlingshem (F\u00f6rsamlingssalen)<\/h6>\n<p><span style=\"font-weight: 400;\">Veronica Westerg\u00e5rd \u00e4r fyrbarnsmamman som efter bl a missionsarbete och politiskt engagemang skolade om sig till jurist. Hon arbetar p\u00e5 advokatbyr\u00e5 i Helsingborg med bl a tvistel\u00f6sning och funderar ofta p\u00e5 hur vi kan se p\u00e5 v\u00e5ra medm\u00e4nniskor med Jesu \u00f6gon. <\/span><\/p>\n<\/div><\/div><\/div><\/div>\n\n<div class=\"et_pb_blurb_9 et_pb_blurb et_pb_bg_layout_light et_pb_text_align_center-phone et_pb_blurb_position_left et_pb_module et_block_module preset--module--divi-blurb--67b15831-bf06-4a43-b17e-c86d16d36530\"><div class=\"et_pb_blurb_content\"><div class=\"et_pb_main_blurb_image\"><span class=\"et_pb_image_wrap\"><span class=\"et-pb-icon et-waypoint et_pb_animation_top et_pb_animation_top_tablet et_pb_animation_top_phone\">\ue06b<\/span><\/span><\/div><div class=\"et_pb_blurb_container\"><h2 class=\"et_pb_module_header\">16.00<\/h2><\/div><\/div><\/div>\n\n<div class=\"et_pb_blurb_10 et_pb_blurb et_pb_bg_layout_light et_pb_blurb_position_left et_pb_module et_block_module preset--module--divi-blurb--67b15831-bf06-4a43-b17e-c86d16d36530\"><div class=\"et_pb_blurb_content\"><div class=\"et_pb_blurb_container\"><h2 class=\"et_pb_module_header\">Att ta emot flyktingar - Inger och Leo Lab\u00f3n<\/h2><div class=\"et_pb_blurb_description\"><h6>L\u00f6rdag kl 16.00<\/h6>\n<h6><strong>Plats:<\/strong> Svenska Kyrkans F\u00f6rsamlingshem (Lilla Salen)<\/h6>\n<p><span style=\"font-weight: 400;\">Inger och Leo Lab\u00f3n, boende i H\u00e4ssleholm, medlemmar i ELF, har l\u00e4mnat yrkeslivet som l\u00e4rare respektive systemvetare, bakom sig. De \u00e4r engagerade i det sociala och diakonala arbetet i H\u00e4ssleholm i samarbete med olika f\u00f6rsamlingar, organisationer och privata akt\u00f6rer. Flyktingar och nyanl\u00e4nda i olika omst\u00e4ndigheter, men ocks\u00e5 andra som har det sv\u00e5rt. Det handlar om att f\u00e5 livet att fungera s\u00e5 bra det g\u00e5r, rent praktiskt. Men ocks\u00e5 att visa medm\u00e4nsklighet och k\u00e4rlek. Alla \u00e4r \u00e4lskade av Gud. <\/span><\/p>\n<\/div><\/div><\/div><\/div>\n\n<div class=\"et_pb_blurb_11 et_pb_blurb et_pb_bg_layout_light et_pb_blurb_position_left et_pb_module et_block_module preset--module--divi-blurb--67b15831-bf06-4a43-b17e-c86d16d36530\"><div class=\"et_pb_blurb_content\"><div class=\"et_pb_blurb_container\"><h2 class=\"et_pb_module_header\">Milj\u00f6ansvar, f\u00f6rvaltarskap och kristen frihet - hur ska vi t\u00e4nka? - Per Modig<\/h2><div class=\"et_pb_blurb_description\"><h6>L\u00f6rdag kl 16.00<\/h6>\n<h6><strong>Plats:<\/strong> Missionskyrkan (Kyrksalen)<\/h6>\n<p>Bibeln talar om att vi som m\u00e4nniskor \u00e4r kallade att f\u00f6rvalta skapelsen och s\u00e4rskilt i v\u00e5r tid ser vi behov av att ta ansvar f\u00f6r milj\u00f6n. Hur g\u00e5r det ihop med den kristna friheten och n\u00e5den? Per Modig leder oss i ett pass om en kristens syn p\u00e5 skapelse, milj\u00f6fr\u00e5gor och f\u00f6rhoppningsvis en befriande gl\u00e4dje.<\/p>\n<p>Per Modig \u00e4r ekologisk lantbrukade p\u00e5 g\u00e5rden fagrasl\u00e4tt utanf\u00f6r Kristianstad, med odling av diverse ov\u00e4nliga gr\u00f6dor som b\u00f6ner, linser och quinoa. Han har ocks\u00e5 arbetat i m\u00e5nga \u00e5r som r\u00e5dgivare till andra ekologiska lantbrukare.\u00a0<\/p>\n<\/div><\/div><\/div><\/div>\n\n<div class=\"et_pb_blurb_12 et_pb_blurb et_pb_bg_layout_light et_pb_blurb_position_left et_pb_module et_block_module preset--module--divi-blurb--67b15831-bf06-4a43-b17e-c86d16d36530\"><div class=\"et_pb_blurb_content\"><div class=\"et_pb_blurb_container\"><h2 class=\"et_pb_module_header\">Politik med Jesus - i samh\u00e4llets tj\u00e4nst - Per Einarsson<\/h2><div class=\"et_pb_blurb_description\"><h6>L\u00f6rdag kl 16.00<\/h6>\n<h6><strong>Plats:<\/strong> Svenska Kyrkans F\u00f6rsamlingshem (F\u00f6rsamlingssalen)<\/h6>\n<p>\u00a0<span style=\"font-weight: 400;\">Seminariet kommer att handla om att engagera sig politiskt och hur tron blir drivkraften i samh\u00e4llsuppdraget. Utifr\u00e5n mitt nuvarande uppdrag kommer vi \u00e4ven att stanna upp kring utmaningarna psykisk oh\u00e4lsa, ofrivillig ensamhet och diagnoser i dagens samh\u00e4lle.<\/span><\/p>\n<p><span style=\"font-weight: 400;\">Jag heter Per Einarsson har fru och 4 utflugna barn. Varit ungdomssekreterare i 10 \u00e5r, missionsg\u00e5rdsf\u00f6rest\u00e5ndare i 8 \u00e5r och under tiden varit fritidspolitiker och \u00e4r nu heltidspolitiker. Brinner f\u00f6r mina medm\u00e4nniskor och de sociala fr\u00e5gorna.<\/span><\/p>\n<\/div><\/div><\/div><\/div>\n\n<div class=\"et_pb_blurb_13 et_pb_blurb et_pb_bg_layout_light et_pb_blurb_position_left et_pb_module et_block_module preset--module--divi-blurb--67b15831-bf06-4a43-b17e-c86d16d36530\"><div class=\"et_pb_blurb_content\"><div class=\"et_pb_blurb_container\"><h2 class=\"et_pb_module_header\">Dela Jesus - Norea<\/h2><div class=\"et_pb_blurb_description\"><h6>L\u00f6rdag kl 16.00<\/h6>\n<h6><strong>Plats:<\/strong> Missionskyrkan (K\u00e4llaren)<\/h6>\n<p><span style=\"font-weight: 400;\">Vi ser i Sverige idag hur fler och fler s\u00f6ker sig till sanningen och Gud verkar g\u00f6ra n\u00e5got stort i v\u00e5rt land. \u00c4r vi redo att f\u00e5nga fisk? I detta seminariet kommer vi prata om att dela med sig av Jesus till v\u00e5ra medm\u00e4nniskor. Ester och Alexander ber\u00e4ttar vittnesb\u00f6rd och personliga erfarenheter.\u00a0<\/span><\/p>\n<p><span style=\"font-weight: 400;\">Ester jobbar som skolpastor p\u00e5 en h\u00f6gstadieskola samt som mediemission\u00e4r p\u00e5 Norea Sverige. Alexander \u00e4r musikproducent och g\u00f6r kristen hiphop-musik. De \u00e4r b\u00e5da bosatta i Helsingborg och tillsammans brinner de f\u00f6r evangelisation och Guds Rike. <\/span><\/p>\n<\/div><\/div><\/div><\/div>\n<\/div>\n<\/div>\n<\/div>","protected":false},"excerpt":{"rendered":"","protected":false},"author":1,"featured_media":0,"parent":0,"menu_order":0,"comment_status":"closed","ping_status":"closed","template":"","meta":{"footnotes":""},"class_list":["post-129","page","type-page","status-publish","hentry"],"_links":{"self":[{"href":"https:\/\/www.elungdom.se\/vintermotet\/wp-json\/wp\/v2\/pages\/129","targetHints":{"allow":["GET"]}}],"collection":[{"href":"https:\/\/www.elungdom.se\/vintermotet\/wp-json\/wp\/v2\/pages"}],"about":[{"href":"https:\/\/www.elungdom.se\/vintermotet\/wp-json\/wp\/v2\/types\/page"}],"author":[{"embeddable":true,"href":"https:\/\/www.elungdom.se\/vintermotet\/wp-json\/wp\/v2\/users\/1"}],"replies":[{"embeddable":true,"href":"https:\/\/www.elungdom.se\/vintermotet\/wp-json\/wp\/v2\/comments?post=129"}],"version-history":[{"count":39,"href":"https:\/\/www.elungdom.se\/vintermotet\/wp-json\/wp\/v2\/pages\/129\/revisions"}],"predecessor-version":[{"id":1218,"href":"https:\/\/www.elungdom.se\/vintermotet\/wp-json\/wp\/v2\/pages\/129\/revisions\/1218"}],"wp:attachment":[{"href":"https:\/\/www.elungdom.se\/vintermotet\/wp-json\/wp\/v2\/media?parent=129"}],"curies":[{"name":"wp","href":"https:\/\/api.w.org\/{rel}","templated":true}]}}