{"id":131,"date":"2024-08-22T12:18:44","date_gmt":"2024-08-22T12:18:44","guid":{"rendered":"https:\/\/www.elungdom.se\/vintermotet\/?page_id=131"},"modified":"2026-02-11T16:17:03","modified_gmt":"2026-02-11T16:17:03","slug":"anmalan","status":"publish","type":"page","link":"https:\/\/www.elungdom.se\/vintermotet\/anmalan\/","title":{"rendered":"Anm\u00e4lan"},"content":{"rendered":"<div class=\"et_pb_section_0 et_pb_section et_section_regular et_block_section et_animated preset--module--divi-section--698b0e7a9a71e\">\n<div class=\"et_pb_row_0 et_pb_row et_block_row preset--module--divi-row--default\">\n<div class=\"et_pb_column_0 et_pb_column et_pb_column_1_3 et_block_column et_pb_css_mix_blend_mode_passthrough preset--module--divi-column--default\">\n<div class=\"et_pb_module et_pb_button_module_wrapper et_pb_button_0_wrapper preset--module--divi-button--default_wrapper\"><a class=\"et_pb_button_0 et_pb_button et_pb_bg_layout_dark et_pb_module et_block_module preset--module--divi-button--default\" href=\"https:\/\/forms.gle\/xuBofpMpzQqivtuz9\">K\u00f6p biljett<\/a><\/div>\n<\/div>\n\n<div class=\"et_pb_column_1 et_pb_column et_pb_column_2_3 et-last-child et_block_column et_pb_css_mix_blend_mode_passthrough preset--module--divi-column--default\">\n<div class=\"et_pb_text_0 et_pb_text et_pb_bg_layout_light et_pb_module et_block_module preset--module--divi-text--default\"><div class=\"et_pb_text_inner\"><p>Vinterm\u00f6tet \u00e4r en konferens. Det inneb\u00e4r att du sj\u00e4lv st\u00e5r f\u00f6r boende och mat under helgen.<\/p>\n<p>Anm\u00e4l g\u00e4rna om du har barn som kommer, s\u00e5 att barnsamlingarna kan anpassas efter antalet barn.<\/p>\n<\/div><\/div>\n<\/div>\n<\/div>\n\n<div class=\"et_pb_row_1 et_pb_row et_block_row preset--module--divi-row--default\">\n<div class=\"et_pb_column_2 et_pb_column et_pb_column_1_3 et_block_column et_pb_css_mix_blend_mode_passthrough preset--module--divi-column--default\">\n<div class=\"et_pb_heading_0 et_pb_heading et_pb_module et_block_module preset--module--divi-heading--default\"><div class=\"et_pb_heading_container\"><h2 class=\"et_pb_module_header\">Priser<\/h2><\/div><\/div>\n\n<div class=\"et_pb_text_1 et_pb_text et_pb_bg_layout_light et_pb_module et_block_module preset--module--divi-text--default\"><div class=\"et_pb_text_inner\"><p><span style=\"font-weight: 400;\">Fredag kv\u00e4ll \u00e4r gratis, precis som s\u00f6ndagens h\u00f6gm\u00e4ssa. <\/span><\/p>\n<\/div><\/div>\n<\/div>\n\n<div class=\"et_pb_column_3 et_pb_column et_pb_column_2_3 et-last-child et_block_column et_pb_css_mix_blend_mode_passthrough preset--module--divi-column--default\">\n<div class=\"et_pb_pricing_tables_0 et_pb_pricing_tables et_pb_pricing clearfix et_pb_pricing_2 et_pb_second_featured et_pb_module et_flex_module preset--module--divi-pricing-tables--e3fc4a28-f661-4cbc-8672-1d36a240e02c\">\n<div class=\"et_pb_pricing_table_0 et_pb_pricing_table et_pb_module et_flex_module et_flex_column_12_24 et_flex_column_12_24_tablet et_flex_column_24_24_phone preset--module--divi-pricing-table--mtfetwoaam\"><div class=\"et_pb_pricing_heading\"><h2 class=\"et_pb_pricing_title\" data-et-mv-hidden-tablet=\"true\">Fredag & s\u00f6ndag<\/h2><\/div><div class=\"et_pb_pricing_content_top\"><div class=\"et_pb_et_price\"><span class=\"et_pb_dollar_sign\" data-et-mv-hidden-phone=\"true\"><\/span><span class=\"et_pb_sum\">GRATIS<\/span><\/div><\/div><div class=\"et_pb_pricing_content\"><ul class=\"et_pb_pricing\"><li><span> B\u00e5de kv\u00e4llsm\u00f6tet p\u00e5 fredagen och gudstj\u00e4nsten p\u00e5 s\u00f6ndagen \u00e4r helt kostnadsfria<\/span><\/li><\/ul><\/div><\/div>\n\n<div class=\"et_pb_pricing_table_1 et_pb_pricing_table et_pb_featured_table et_pb_module et_block_module et_flex_column_12_24 et_flex_column_12_24_tablet et_flex_column_24_24_phone preset--module--divi-pricing-table--default\"><div class=\"et_pb_pricing_heading\"><h2 class=\"et_pb_pricing_title\">L\u00f6rdagen<\/h2><\/div><div class=\"et_pb_pricing_content_top\"><div class=\"et_pb_et_price\"><span class=\"et_pb_dollar_sign\">kr<\/span><span class=\"et_pb_sum\">100<\/span><span class=\"et_pb_frequency\"><span class=\"et_pb_frequency_slash\">\/<\/span>heldag<\/span><\/div><\/div><div class=\"et_pb_pricing_content\"><ul class=\"et_pb_pricing\"><li><span> Under 18 \u00e5r g\u00e5r in gratis<\/span><\/li><li><span> 50 kr f\u00f6r bara kv\u00e4llsm\u00f6tet<\/span><\/li><li><span> 150 kr i d\u00f6rren<\/span><\/li><\/ul><\/div><\/div>\n<\/div>\n<\/div>\n<\/div>\n\n<div class=\"et_pb_row_2 et_pb_row et_block_row preset--module--divi-row--d5418d40-b6d1-4e81-a330-b31e2d4292d9\">\n<div class=\"et_pb_column_4 et_pb_column et_pb_column_4_4 et-last-child et_block_column et_pb_css_mix_blend_mode_passthrough preset--module--divi-column--default\">\n<div class=\"et_pb_blurb_0 et_pb_blurb et_pb_bg_layout_light et_pb_blurb_position_top et_pb_module et_block_module preset--module--divi-blurb--c045eea4-1bf5-426e-9518-af8b47add9c0\"><div class=\"et_pb_blurb_content\"><div class=\"et_pb_main_blurb_image\"><span class=\"et_pb_image_wrap\"><span class=\"et-pb-icon et-waypoint et_pb_animation_top et_pb_animation_top_tablet et_pb_animation_top_phone\">\ue064<\/span><\/span><\/div><div class=\"et_pb_blurb_container\"><div class=\"et_pb_blurb_description\"><p style=\"text-align: center;\">Har du fr\u00e5gor om Vinterm\u00f6tet? H\u00f6r av dig till Oskar Wikdahl:<br \/><a href=\"mailto:oskar.wikdahl@elungdom.se\">oskar.wikdahl@elungdom.se<\/a><\/p>\n<\/div><\/div><\/div><\/div>\n<\/div>\n<\/div>\n<\/div>","protected":false},"excerpt":{"rendered":"","protected":false},"author":1,"featured_media":0,"parent":0,"menu_order":0,"comment_status":"closed","ping_status":"closed","template":"","meta":{"footnotes":""},"class_list":["post-131","page","type-page","status-publish","hentry"],"_links":{"self":[{"href":"https:\/\/www.elungdom.se\/vintermotet\/wp-json\/wp\/v2\/pages\/131","targetHints":{"allow":["GET"]}}],"collection":[{"href":"https:\/\/www.elungdom.se\/vintermotet\/wp-json\/wp\/v2\/pages"}],"about":[{"href":"https:\/\/www.elungdom.se\/vintermotet\/wp-json\/wp\/v2\/types\/page"}],"author":[{"embeddable":true,"href":"https:\/\/www.elungdom.se\/vintermotet\/wp-json\/wp\/v2\/users\/1"}],"replies":[{"embeddable":true,"href":"https:\/\/www.elungdom.se\/vintermotet\/wp-json\/wp\/v2\/comments?post=131"}],"version-history":[{"count":27,"href":"https:\/\/www.elungdom.se\/vintermotet\/wp-json\/wp\/v2\/pages\/131\/revisions"}],"predecessor-version":[{"id":1187,"href":"https:\/\/www.elungdom.se\/vintermotet\/wp-json\/wp\/v2\/pages\/131\/revisions\/1187"}],"wp:attachment":[{"href":"https:\/\/www.elungdom.se\/vintermotet\/wp-json\/wp\/v2\/media?parent=131"}],"curies":[{"name":"wp","href":"https:\/\/api.w.org\/{rel}","templated":true}]}}