{"id":21,"date":"2024-08-21T14:09:52","date_gmt":"2024-08-21T14:09:52","guid":{"rendered":"https:\/\/www.elungdom.se\/vintermotet\/?page_id=21"},"modified":"2026-02-13T08:56:04","modified_gmt":"2026-02-13T08:56:04","slug":"hem","status":"publish","type":"page","link":"https:\/\/www.elungdom.se\/vintermotet\/","title":{"rendered":"Hem"},"content":{"rendered":"<div class=\"et_pb_section_0 et_pb_section et_section_regular et_flex_section section_has_divider et_pb_bottom_divider preset--module--divi-section--default\">\n<div class=\"et_pb_row_0 et_pb_row et_block_row et_animated preset--module--divi-row--default\">\n<div class=\"et_pb_column_0 et_pb_column et_pb_column_4_4 et-last-child et_block_column et_pb_css_mix_blend_mode_passthrough preset--module--divi-column--default\">\n<div class=\"et_pb_text_0 et_pb_text et_pb_bg_layout_light et_animated et_pb_module et_block_module preset--module--divi-text--default\"><div class=\"et_pb_text_inner\"><p><strong>ELUs Vinterm\u00f6te 2026<\/strong><\/p>\n<\/div><\/div>\n\n<div class=\"et_pb_image_0 et_pb_image et_pb_module et_flex_module preset--module--divi-image--default\"><span class=\"et_pb_image_wrap\"><img loading=\"lazy\" decoding=\"async\" src=\"https:\/\/www.elungdom.se\/vintermotet\/wp-content\/uploads\/2026\/02\/medmanniskan-logo.png\" title=\"medm\u00e4nniskan-logo\" width=\"2811\" height=\"1080\" srcset=\"https:\/\/www.elungdom.se\/vintermotet\/wp-content\/uploads\/2026\/02\/medmanniskan-logo.png 2811w, https:\/\/www.elungdom.se\/vintermotet\/wp-content\/uploads\/2026\/02\/medmanniskan-logo-1280x492.png 1280w, https:\/\/www.elungdom.se\/vintermotet\/wp-content\/uploads\/2026\/02\/medmanniskan-logo-980x377.png 980w, https:\/\/www.elungdom.se\/vintermotet\/wp-content\/uploads\/2026\/02\/medmanniskan-logo-480x184.png 480w\" sizes=\"(min-width: 0px) and (max-width: 480px) 480px, (min-width: 481px) and (max-width: 980px) 980px, (min-width: 981px) and (max-width: 1280px) 1280px, (min-width: 1281px) 2811px, 100vw\" class=\"wp-image-1031\" \/><\/span><\/div>\n<\/div>\n<\/div>\n\n<div class=\"et_pb_row_1 et_pb_row et_pb_gutters3 et_block_row preset--module--divi-row--default\">\n<div class=\"et_pb_column_1 et_pb_column et_pb_column_1_3 et_block_column et_pb_css_mix_blend_mode_passthrough preset--module--divi-column--default\">\n<div class=\"et_pb_blurb_0 et_pb_blurb et_pb_bg_layout_dark et_pb_text_align_left et_pb_blurb_position_left et_pb_module et_block_module preset--module--divi-blurb--default\"><div class=\"et_pb_blurb_content\"><div class=\"et_pb_blurb_container\"><h1 class=\"et_pb_module_header\">var<\/h1><div class=\"et_pb_blurb_description\"><p>Kyrkorna i<br \/>Centrum, H\u00e4ssleholm<\/p>\n<\/div><\/div><\/div><\/div>\n<\/div>\n\n<div class=\"et_pb_column_2 et_pb_column et_pb_column_1_3 et_block_column et_pb_css_mix_blend_mode_passthrough preset--module--divi-column--default\">\n<div class=\"et_pb_blurb_1 et_pb_blurb et_pb_bg_layout_dark et_pb_blurb_position_left et_pb_module et_block_module preset--module--divi-blurb--default\"><div class=\"et_pb_blurb_content\"><div class=\"et_pb_blurb_container\"><h5 class=\"et_pb_module_header\">n\u00e4r<\/h5><div class=\"et_pb_blurb_description\"><p>27 feb -<br \/>1 mars<\/p>\n<\/div><\/div><\/div><\/div>\n<\/div>\n\n<div class=\"et_pb_column_3 et_pb_column et_pb_column_1_3 et-last-child et_block_column et_pb_css_mix_blend_mode_passthrough preset--module--divi-column--default\">\n<div class=\"et_pb_blurb_2 et_pb_blurb et_pb_bg_layout_dark et_pb_blurb_position_left et_pb_module et_block_module preset--module--divi-blurb--default\"><div class=\"et_pb_blurb_content\"><div class=\"et_pb_blurb_container\"><h5 class=\"et_pb_module_header\">F\u00d6R VEM<\/h5><div class=\"et_pb_blurb_description\"><p>Alla \u00e5ldrar,<br \/>\n<span style=\"font-size: 1.7rem;\">med s\u00e4rskild inriktning p\u00e5 ungdomar och unga vuxna<\/span><\/p>\n<\/div><\/div><\/div><\/div>\n<\/div>\n<\/div>\n<div class=\"et_pb_bottom_inside_divider et-no-transition\"><\/div><\/div>\n\n<div class=\"et_pb_section_1 et_pb_section et_section_regular et_block_section section_has_divider et_pb_top_divider et_pb_bottom_divider preset--module--divi-section--default\"><div class=\"et_pb_top_inside_divider et-no-transition\"><\/div>\n<div class=\"et_pb_row_2 et_pb_row et_pb_equal_columns et_block_row preset--module--divi-row--default\">\n<div class=\"et_pb_column_4 et_pb_column et_pb_column_4_4 et-last-child et_block_column et_pb_css_mix_blend_mode_passthrough preset--module--divi-column--default\">\n<div class=\"et_pb_blurb_3 et_pb_blurb et_pb_bg_layout_dark et_pb_blurb_position_left et_pb_module et_block_module preset--module--divi-blurb--default\"><div class=\"et_pb_blurb_content\"><div class=\"et_pb_main_blurb_image\"><span class=\"et_pb_image_wrap et_pb_only_image_mode_wrap\"><img loading=\"lazy\" decoding=\"async\" src=\"https:\/\/www.elungdom.se\/vintermotet\/wp-content\/uploads\/2026\/02\/endast-kors-vm26.png\" width=\"859\" height=\"1080\" srcset=\"https:\/\/www.elungdom.se\/vintermotet\/wp-content\/uploads\/2026\/02\/endast-kors-vm26.png 859w, https:\/\/www.elungdom.se\/vintermotet\/wp-content\/uploads\/2026\/02\/endast-kors-vm26-480x603.png 480w\" sizes=\"(min-width: 0px) and (max-width: 480px) 480px, (min-width: 481px) 859px, 100vw\" class=\"et-waypoint et_pb_animation_top et_pb_animation_top_tablet et_pb_animation_top_phone wp-image-1077\" title=\"endast-kors-vm26\" \/><\/span><\/div><div class=\"et_pb_blurb_container\"><h5 class=\"et_pb_module_header\">vinterm\u00f6tet 2026<\/h5><\/div><\/div><\/div>\n<\/div>\n<\/div>\n\n<div class=\"et_pb_row_3 et_pb_row et_block_row preset--module--divi-row--default\">\n<div class=\"et_pb_column_5 et_pb_column et_pb_column_1_2 et_block_column et_pb_css_mix_blend_mode_passthrough preset--module--divi-column--default\">\n<div class=\"et_pb_heading_0 et_pb_heading et_pb_module et_block_module preset--module--divi-heading--default\"><div class=\"et_pb_heading_container\"><h2 class=\"et_pb_module_header\">\u201cG\u00e5 du och g\u00f6r som han...\u201d<\/h2><\/div><\/div>\n\n<div class=\"et_pb_heading_1 et_pb_heading et_pb_module et_block_module preset--module--divi-heading--default\"><div class=\"et_pb_heading_container\"><h3 class=\"et_pb_module_header\">- Jesus<\/h3><\/div><\/div>\n<\/div>\n\n<div class=\"et_pb_column_6 et_pb_column et_pb_column_1_2 et-last-child et_block_column et_pb_css_mix_blend_mode_passthrough preset--module--divi-column--default\">\n<div class=\"et_pb_text_1 et_pb_text et_pb_bg_layout_light et_pb_module et_block_module preset--module--divi-text--default\"><div class=\"et_pb_text_inner\"><p><span style=\"font-weight: 400;\">\u201cG\u00e5 du och g\u00f6r som han\u201d s\u00e4ger Jesus efter ber\u00e4ttelsen om den barmh\u00e4rtige samariern (Luk 10:25-37). Kallelsen att \u00e4lska, tj\u00e4na och hj\u00e4lpa v\u00e5r medm\u00e4nniska \u00e4r varje l\u00e4rjunges uppgift. Men hur g\u00f6r man det? Och p\u00e5 vilka grunder?<\/span><\/p>\n<\/div><\/div>\n\n<div class=\"et_pb_text_2 et_pb_text et_pb_bg_layout_light et_pb_module et_block_module preset--module--divi-text--default\"><div class=\"et_pb_text_inner\" data-et-mv-hidden-phone=\"true\"><p><span style=\"font-weight: 400;\">Kom till Vinterm\u00f6tet och f\u00e5 inspiration, redskap och p\u00e5fyllnad att \u00e4lska dina medm\u00e4nniskor!<\/span><span style=\"font-weight: 400;\"><\/span><\/p>\n<\/div><\/div>\n\n<div class=\"et_pb_module et_pb_button_module_wrapper et_pb_button_0_wrapper preset--module--divi-button--default_wrapper\"><a class=\"et_pb_button_0 et_pb_button et_pb_bg_layout_dark et_pb_module et_block_module preset--module--divi-button--default\" href=\"https:\/\/www.elungdom.se\/vintermotet\/info\/\">L\u00e4s mer<\/a><\/div>\n<\/div>\n<\/div>\n<div class=\"et_pb_bottom_inside_divider et-no-transition\"><\/div><\/div>\n\n<div class=\"et_pb_section_2 et_pb_section et_section_regular et_block_section section_has_divider et_pb_top_divider preset--module--divi-section--default\"><div class=\"et_pb_top_inside_divider et-no-transition\"><\/div>\n<div class=\"et_pb_row_4 et_pb_row et_block_row preset--module--divi-row--d5418d40-b6d1-4e81-a330-b31e2d4292d9\">\n<div class=\"et_pb_column_7 et_pb_column et_pb_column_4_4 et-last-child et_block_column et_pb_css_mix_blend_mode_passthrough preset--module--divi-column--default\">\n<div class=\"et_pb_text_3 et_pb_text et_pb_bg_layout_light et_pb_module et_block_module preset--module--divi-text--default\"><\/div>\n<\/div>\n<\/div>\n\n<div class=\"et_pb_row_5 et_pb_row et_block_row preset--module--divi-row--d5418d40-b6d1-4e81-a330-b31e2d4292d9\">\n<div class=\"et_pb_column_8 et_pb_column et_pb_column_4_4 et-last-child et_block_column et_pb_css_mix_blend_mode_passthrough preset--module--divi-column--default\">\n<div class=\"et_pb_image_1 et_pb_image et_pb_module et_block_module preset--module--divi-image--default\"><span class=\"et_pb_image_wrap\"><img loading=\"lazy\" decoding=\"async\" src=\"https:\/\/www.elungdom.se\/vintermotet\/wp-content\/uploads\/2026\/02\/elus-vintermote-logo-scaled.png\" title=\"elus-vinterm\u00f6te-logo\" width=\"2560\" height=\"674\" srcset=\"https:\/\/www.elungdom.se\/vintermotet\/wp-content\/uploads\/2026\/02\/elus-vintermote-logo-scaled.png 2560w, https:\/\/www.elungdom.se\/vintermotet\/wp-content\/uploads\/2026\/02\/elus-vintermote-logo-1280x337.png 1280w, https:\/\/www.elungdom.se\/vintermotet\/wp-content\/uploads\/2026\/02\/elus-vintermote-logo-980x258.png 980w, https:\/\/www.elungdom.se\/vintermotet\/wp-content\/uploads\/2026\/02\/elus-vintermote-logo-480x126.png 480w\" sizes=\"(min-width: 0px) and (max-width: 480px) 480px, (min-width: 481px) and (max-width: 980px) 980px, (min-width: 981px) and (max-width: 1280px) 1280px, (min-width: 1281px) 2560px, 100vw\" class=\"wp-image-1078\" \/><\/span><\/div>\n<\/div>\n<\/div>\n\n<div class=\"et_pb_row_6 et_pb_row et_flex_row preset--module--divi-row--default\">\n<div class=\"et_pb_column_9 et_pb_column et_flex_column et_pb_css_mix_blend_mode_passthrough et_flex_column_12_24 et_flex_column_12_24_tablet et_flex_column_24_24_phone preset--module--divi-column--default\">\n<div class=\"et_pb_text_4 et_pb_text et_pb_bg_layout_light et_pb_module et_block_module preset--module--divi-text--default\"><div class=\"et_pb_text_inner\" data-et-mv-hidden-phone=\"true\"><p>Vinterm\u00f6tet anordnas av ELU i samarbete med<\/p>\n<\/div><\/div>\n<\/div>\n\n<div class=\"et_pb_column_10 et_pb_column et-last-child et_flex_column et_pb_css_mix_blend_mode_passthrough et_flex_column_12_24 et_flex_column_12_24_tablet et_flex_column_24_24_phone preset--module--divi-column--default\">\n<div class=\"et_pb_text_5 et_pb_text et_pb_bg_layout_light et_pb_module et_block_module preset--module--divi-text--default\"><div class=\"et_pb_text_inner\" data-et-mv-hidden-phone=\"true\"><h4 style=\"text-align: left;\">ELF H\u00e4ssleholm\u00a0 &amp; Svenska Kyrkan H\u00e4ssleholm<\/h4>\n<\/div><\/div>\n<\/div>\n<\/div>\n<\/div>","protected":false},"excerpt":{"rendered":"","protected":false},"author":1,"featured_media":0,"parent":0,"menu_order":0,"comment_status":"closed","ping_status":"closed","template":"","meta":{"footnotes":""},"class_list":["post-21","page","type-page","status-publish","hentry"],"_links":{"self":[{"href":"https:\/\/www.elungdom.se\/vintermotet\/wp-json\/wp\/v2\/pages\/21","targetHints":{"allow":["GET"]}}],"collection":[{"href":"https:\/\/www.elungdom.se\/vintermotet\/wp-json\/wp\/v2\/pages"}],"about":[{"href":"https:\/\/www.elungdom.se\/vintermotet\/wp-json\/wp\/v2\/types\/page"}],"author":[{"embeddable":true,"href":"https:\/\/www.elungdom.se\/vintermotet\/wp-json\/wp\/v2\/users\/1"}],"replies":[{"embeddable":true,"href":"https:\/\/www.elungdom.se\/vintermotet\/wp-json\/wp\/v2\/comments?post=21"}],"version-history":[{"count":219,"href":"https:\/\/www.elungdom.se\/vintermotet\/wp-json\/wp\/v2\/pages\/21\/revisions"}],"predecessor-version":[{"id":1195,"href":"https:\/\/www.elungdom.se\/vintermotet\/wp-json\/wp\/v2\/pages\/21\/revisions\/1195"}],"wp:attachment":[{"href":"https:\/\/www.elungdom.se\/vintermotet\/wp-json\/wp\/v2\/media?parent=21"}],"curies":[{"name":"wp","href":"https:\/\/api.w.org\/{rel}","templated":true}]}}